{"id":38,"date":"2023-04-24T16:51:49","date_gmt":"2023-04-24T14:51:49","guid":{"rendered":"https:\/\/gondartransport.hu\/en\/?page_id=38"},"modified":"2023-05-14T13:41:28","modified_gmt":"2023-05-14T11:41:28","slug":"impresszum","status":"publish","type":"page","link":"https:\/\/gondartransport.hu\/en\/impresszum\/","title":{"rendered":"Impresszum"},"content":{"rendered":"\t\t<div data-elementor-type=\"wp-page\" data-elementor-id=\"38\" class=\"elementor elementor-38\" data-elementor-post-type=\"page\">\n\t\t\t\t\t\t<section class=\"elementor-section elementor-top-section elementor-element elementor-element-608cabf7 elementor-section-height-min-height elementor-section-boxed elementor-section-height-default elementor-section-items-middle\" data-id=\"608cabf7\" data-element_type=\"section\" data-settings=\"{&quot;background_background&quot;:&quot;classic&quot;}\">\n\t\t\t\t\t\t\t<div class=\"elementor-background-overlay\"><\/div>\n\t\t\t\t\t\t\t<div class=\"elementor-container elementor-column-gap-default\">\n\t\t\t\t\t<div class=\"elementor-column elementor-col-100 elementor-top-column elementor-element elementor-element-2ac1dc31\" data-id=\"2ac1dc31\" data-element_type=\"column\">\n\t\t\t<div class=\"elementor-widget-wrap elementor-element-populated\">\n\t\t\t\t\t\t<div class=\"elementor-element elementor-element-3843b2d5 elementor-invisible elementor-widget elementor-widget-heading\" data-id=\"3843b2d5\" data-element_type=\"widget\" data-settings=\"{&quot;_animation&quot;:&quot;fadeInDown&quot;}\" data-widget_type=\"heading.default\">\n\t\t\t\t<div class=\"elementor-widget-container\">\n\t\t\t<h1 class=\"elementor-heading-title elementor-size-default\">Impresszum<\/h1>\t\t<\/div>\n\t\t\t\t<\/div>\n\t\t\t\t\t<\/div>\n\t\t<\/div>\n\t\t\t\t\t<\/div>\n\t\t<\/section>\n\t\t\t\t<section class=\"elementor-section elementor-top-section elementor-element elementor-element-3c43e1fe elementor-section-boxed elementor-section-height-default elementor-section-height-default\" data-id=\"3c43e1fe\" data-element_type=\"section\">\n\t\t\t\t\t\t<div class=\"elementor-container elementor-column-gap-default\">\n\t\t\t\t\t<div class=\"elementor-column elementor-col-100 elementor-top-column elementor-element elementor-element-344020ee\" data-id=\"344020ee\" data-element_type=\"column\">\n\t\t\t<div class=\"elementor-widget-wrap elementor-element-populated\">\n\t\t\t\t\t\t<div class=\"elementor-element elementor-element-132d6ac2 elementor-widget elementor-widget-elementskit-heading\" data-id=\"132d6ac2\" data-element_type=\"widget\" data-widget_type=\"elementskit-heading.default\">\n\t\t\t\t<div class=\"elementor-widget-container\">\n\t\t\t<div class=\"ekit-wid-con\" ><div class=\"ekit-heading elementskit-section-title-wraper text_left   ekit_heading_tablet-   ekit_heading_mobile-\"><h2 class=\"ekit-heading--title elementskit-section-title \">A Gond\u00e1r impresszuma<\/h2><\/div><\/div>\t\t<\/div>\n\t\t\t\t<\/div>\n\t\t\t\t\t<\/div>\n\t\t<\/div>\n\t\t\t\t\t<\/div>\n\t\t<\/section>\n\t\t\t\t<section class=\"elementor-section elementor-top-section elementor-element elementor-element-d9f75e1 elementor-section-boxed elementor-section-height-default elementor-section-height-default\" data-id=\"d9f75e1\" data-element_type=\"section\">\n\t\t\t\t\t\t<div class=\"elementor-container elementor-column-gap-default\">\n\t\t\t\t\t<div class=\"elementor-column elementor-col-100 elementor-top-column elementor-element elementor-element-445cc7a2\" data-id=\"445cc7a2\" data-element_type=\"column\">\n\t\t\t<div class=\"elementor-widget-wrap elementor-element-populated\">\n\t\t\t\t\t\t<div class=\"elementor-element elementor-element-6eaeee38 elementor-widget elementor-widget-text-editor\" data-id=\"6eaeee38\" data-element_type=\"widget\" data-widget_type=\"text-editor.default\">\n\t\t\t\t<div class=\"elementor-widget-container\">\n\t\t\t\t\t\t\t<p><strong>V\u00e1llalkoz\u00e1s adatai:<\/strong><\/p><p>V\u00e1llalkoz\u00f3: Gond\u00e1r Transport Kft.<br \/>Sz\u00e9khely: 9200 Mosonmagyar\u00f3v\u00e1r, Csillag utca 26.<br \/>Levelez\u00e9si: 9436 Mosonszolnok, Szabads\u00e1g utca 36.<br \/>Iroda: 9436 Mosonszolnok, Szabads\u00e1g utca 36.<br \/>Ad\u00f3sz\u00e1m: 13995119-2-08<br \/>Telefonsz\u00e1m: +3696 000 000<br \/>E-mail: info@gondar.hu<\/p><p><strong>T\u00e1rhelyszolg\u00e1ltat\u00f3 adatai:<\/strong><br \/>C\u00e9gn\u00e9v: Websupport Magyarorsz\u00e1g Kft.<br \/>C\u00edm: H-1132 \u2013 Budapest \u2013 Victor Hugo utca. 18-22.<br \/>Telefonsz\u00e1m: +36 1 700 40 30\u00a0<br \/>E-mail:\u00a0info@ezit.hu<\/p><p><strong>Weboldal kivitelez\u00e9se:<\/strong><br \/>Webmester: Hartaiwerk Grafika &amp; Rekl\u00e1mtechnika<br \/>C\u00edm: 9178 Hedervar, Rozsa Ferenc utca 44\/C<br \/>Telefonsz\u00e1m: +36202624664<br \/>E-mail: hello@hartaiwerk.hu<\/p>\t\t\t\t\t\t<\/div>\n\t\t\t\t<\/div>\n\t\t\t\t\t<\/div>\n\t\t<\/div>\n\t\t\t\t\t<\/div>\n\t\t<\/section>\n\t\t\t\t<\/div>\n\t\t","protected":false},"excerpt":{"rendered":"<p>Impresszum A Gond\u00e1r impresszuma V\u00e1llalkoz\u00e1s adatai: V\u00e1llalkoz\u00f3: Gond\u00e1r Transport Kft.Sz\u00e9khely: 9200 Mosonmagyar\u00f3v\u00e1r, Csillag utca 26.Levelez\u00e9si: 9436 Mosonszolnok, Szabads\u00e1g utca 36.Iroda: 9436 Mosonszolnok, Szabads\u00e1g utca 36.Ad\u00f3sz\u00e1m: 13995119-2-08Telefonsz\u00e1m: +3696 000 000E-mail: info@gondar.hu T\u00e1rhelyszolg\u00e1ltat\u00f3 adatai:C\u00e9gn\u00e9v: Websupport Magyarorsz\u00e1g Kft.C\u00edm: H-1132 \u2013 Budapest \u2013 Victor Hugo utca. 18-22.Telefonsz\u00e1m: +36 1 700 40 30\u00a0E-mail:\u00a0info@ezit.hu Weboldal kivitelez\u00e9se:Webmester: Hartaiwerk Grafika &amp; Rekl\u00e1mtechnikaC\u00edm: 9178 [&hellip;]<\/p>\n","protected":false},"author":1,"featured_media":0,"parent":0,"menu_order":0,"comment_status":"closed","ping_status":"closed","template":"elementor_header_footer","meta":{"footnotes":""},"class_list":["post-38","page","type-page","status-publish","hentry"],"_links":{"self":[{"href":"https:\/\/gondartransport.hu\/en\/wp-json\/wp\/v2\/pages\/38","targetHints":{"allow":["GET"]}}],"collection":[{"href":"https:\/\/gondartransport.hu\/en\/wp-json\/wp\/v2\/pages"}],"about":[{"href":"https:\/\/gondartransport.hu\/en\/wp-json\/wp\/v2\/types\/page"}],"author":[{"embeddable":true,"href":"https:\/\/gondartransport.hu\/en\/wp-json\/wp\/v2\/users\/1"}],"replies":[{"embeddable":true,"href":"https:\/\/gondartransport.hu\/en\/wp-json\/wp\/v2\/comments?post=38"}],"version-history":[{"count":4,"href":"https:\/\/gondartransport.hu\/en\/wp-json\/wp\/v2\/pages\/38\/revisions"}],"predecessor-version":[{"id":344,"href":"https:\/\/gondartransport.hu\/en\/wp-json\/wp\/v2\/pages\/38\/revisions\/344"}],"wp:attachment":[{"href":"https:\/\/gondartransport.hu\/en\/wp-json\/wp\/v2\/media?parent=38"}],"curies":[{"name":"wp","href":"https:\/\/api.w.org\/{rel}","templated":true}]}}