{"id":230,"date":"2023-05-09T12:21:32","date_gmt":"2023-05-09T10:21:32","guid":{"rendered":"https:\/\/gondartransport.hu\/hu\/?page_id=230"},"modified":"2023-08-29T13:28:39","modified_gmt":"2023-08-29T11:28:39","slug":"allasok","status":"publish","type":"page","link":"https:\/\/gondartransport.hu\/hu\/allasok\/","title":{"rendered":"\u00c1ll\u00e1sok"},"content":{"rendered":"\t\t<div data-elementor-type=\"wp-page\" data-elementor-id=\"230\" class=\"elementor elementor-230\" data-elementor-post-type=\"page\">\n\t\t\t\t\t\t<section class=\"elementor-section elementor-top-section elementor-element elementor-element-3f3afb11 elementor-section-height-min-height elementor-section-boxed elementor-section-height-default elementor-section-items-middle\" data-id=\"3f3afb11\" data-element_type=\"section\" data-settings=\"{&quot;background_background&quot;:&quot;classic&quot;}\">\n\t\t\t\t\t\t\t<div class=\"elementor-background-overlay\"><\/div>\n\t\t\t\t\t\t\t<div class=\"elementor-container elementor-column-gap-default\">\n\t\t\t\t\t<div class=\"elementor-column elementor-col-100 elementor-top-column elementor-element elementor-element-2e985afb\" data-id=\"2e985afb\" data-element_type=\"column\">\n\t\t\t<div class=\"elementor-widget-wrap elementor-element-populated\">\n\t\t\t\t\t\t<div class=\"elementor-element elementor-element-2b5abee elementor-widget elementor-widget-heading\" data-id=\"2b5abee\" data-element_type=\"widget\" data-widget_type=\"heading.default\">\n\t\t\t\t<div class=\"elementor-widget-container\">\n\t\t\t\t\t<h2 class=\"elementor-heading-title elementor-size-default\">\u00c1ll\u00e1sok<\/h2>\t\t\t\t<\/div>\n\t\t\t\t<\/div>\n\t\t\t\t<div class=\"elementor-element elementor-element-6b2d154e elementor-widget__width-initial elementor-widget-mobile__width-inherit elementor-invisible elementor-widget elementor-widget-text-editor\" data-id=\"6b2d154e\" data-element_type=\"widget\" data-settings=\"{&quot;_animation&quot;:&quot;fadeIn&quot;,&quot;_animation_delay&quot;:600}\" data-widget_type=\"text-editor.default\">\n\t\t\t\t<div class=\"elementor-widget-container\">\n\t\t\t\t\t\t\t\t\t<p>A Gond\u00e1rn\u00e1l el\u00e9rhet\u0151 \u00e9s bet\u00f6lthet\u0151 \u00e1ll\u00e1sainkat list\u00e1ja<\/p>\t\t\t\t\t\t\t\t<\/div>\n\t\t\t\t<\/div>\n\t\t\t\t\t<\/div>\n\t\t<\/div>\n\t\t\t\t\t<\/div>\n\t\t<\/section>\n\t\t\t\t<section class=\"elementor-section elementor-top-section elementor-element elementor-element-2fb27ed1 elementor-section-boxed elementor-section-height-default elementor-section-height-default\" data-id=\"2fb27ed1\" data-element_type=\"section\">\n\t\t\t\t\t\t<div class=\"elementor-container elementor-column-gap-default\">\n\t\t\t\t\t<div class=\"elementor-column elementor-col-100 elementor-top-column elementor-element elementor-element-2e2ebbfd\" data-id=\"2e2ebbfd\" data-element_type=\"column\">\n\t\t\t<div class=\"elementor-widget-wrap elementor-element-populated\">\n\t\t\t\t\t\t\t<\/div>\n\t\t<\/div>\n\t\t\t\t\t<\/div>\n\t\t<\/section>\n\t\t\t\t<section class=\"elementor-section elementor-top-section elementor-element elementor-element-55d63a72 elementor-section-full_width elementor-section-height-default elementor-section-height-default\" data-id=\"55d63a72\" data-element_type=\"section\">\n\t\t\t\t\t\t<div class=\"elementor-container elementor-column-gap-default\">\n\t\t\t\t\t<div class=\"elementor-column elementor-col-100 elementor-top-column elementor-element elementor-element-3d96fde4\" data-id=\"3d96fde4\" data-element_type=\"column\">\n\t\t\t<div class=\"elementor-widget-wrap elementor-element-populated\">\n\t\t\t\t\t\t<div class=\"elementor-element elementor-element-527114f0 elementor-widget elementor-widget-shortcode\" data-id=\"527114f0\" data-element_type=\"widget\" data-widget_type=\"shortcode.default\">\n\t\t\t\t<div class=\"elementor-widget-container\">\n\t\t\t\t\t\t\t<div class=\"elementor-shortcode\"><\/div>\n\t\t\t\t\t\t<\/div>\n\t\t\t\t<\/div>\n\t\t\t\t\t<\/div>\n\t\t<\/div>\n\t\t\t\t\t<\/div>\n\t\t<\/section>\n\t\t\t\t<\/div>\n\t\t","protected":false},"excerpt":{"rendered":"<p>\u00c1ll\u00e1sok A Gond\u00e1rn\u00e1l el\u00e9rhet\u0151 \u00e9s bet\u00f6lthet\u0151 \u00e1ll\u00e1sainkat list\u00e1ja<\/p>\n","protected":false},"author":1,"featured_media":0,"parent":0,"menu_order":0,"comment_status":"closed","ping_status":"closed","template":"elementor_header_footer","meta":{"footnotes":""},"class_list":["post-230","page","type-page","status-publish","hentry"],"yoast_head":"<!-- This site is optimized with the Yoast SEO plugin v26.8 - https:\/\/yoast.com\/product\/yoast-seo-wordpress\/ -->\n<title>\u00c1ll\u00e1sok - Gond\u00e1r<\/title>\n<meta name=\"robots\" content=\"index, follow, max-snippet:-1, max-image-preview:large, max-video-preview:-1\" \/>\n<link rel=\"canonical\" href=\"https:\/\/gondartransport.hu\/hu\/allasok\/\" \/>\n<meta property=\"og:locale\" content=\"hu_HU\" \/>\n<meta property=\"og:type\" content=\"article\" \/>\n<meta property=\"og:title\" content=\"\u00c1ll\u00e1sok - Gond\u00e1r\" \/>\n<meta property=\"og:description\" content=\"\u00c1ll\u00e1sok A Gond\u00e1rn\u00e1l el\u00e9rhet\u0151 \u00e9s bet\u00f6lthet\u0151 \u00e1ll\u00e1sainkat list\u00e1ja\" \/>\n<meta property=\"og:url\" content=\"https:\/\/gondartransport.hu\/hu\/allasok\/\" \/>\n<meta property=\"og:site_name\" content=\"Gond\u00e1r\" \/>\n<meta property=\"article:modified_time\" content=\"2023-08-29T11:28:39+00:00\" \/>\n<meta name=\"twitter:card\" content=\"summary_large_image\" \/>\n<meta name=\"twitter:label1\" content=\"Becs\u00fclt olvas\u00e1si id\u0151\" \/>\n\t<meta name=\"twitter:data1\" content=\"1 perc\" \/>\n<script type=\"application\/ld+json\" class=\"yoast-schema-graph\">{\"@context\":\"https:\/\/schema.org\",\"@graph\":[{\"@type\":\"WebPage\",\"@id\":\"https:\/\/gondartransport.hu\/hu\/allasok\/\",\"url\":\"https:\/\/gondartransport.hu\/hu\/allasok\/\",\"name\":\"\u00c1ll\u00e1sok - Gond\u00e1r\",\"isPartOf\":{\"@id\":\"http:\/\/gondartransport.hu\/hu\/#website\"},\"datePublished\":\"2023-05-09T10:21:32+00:00\",\"dateModified\":\"2023-08-29T11:28:39+00:00\",\"breadcrumb\":{\"@id\":\"https:\/\/gondartransport.hu\/hu\/allasok\/#breadcrumb\"},\"inLanguage\":\"hu\",\"potentialAction\":[{\"@type\":\"ReadAction\",\"target\":[\"https:\/\/gondartransport.hu\/hu\/allasok\/\"]}]},{\"@type\":\"BreadcrumbList\",\"@id\":\"https:\/\/gondartransport.hu\/hu\/allasok\/#breadcrumb\",\"itemListElement\":[{\"@type\":\"ListItem\",\"position\":1,\"name\":\"Home\",\"item\":\"http:\/\/gondartransport.hu\/hu\/\"},{\"@type\":\"ListItem\",\"position\":2,\"name\":\"\u00c1ll\u00e1sok\"}]},{\"@type\":\"WebSite\",\"@id\":\"http:\/\/gondartransport.hu\/hu\/#website\",\"url\":\"http:\/\/gondartransport.hu\/hu\/\",\"name\":\"Gond\u00e1r\",\"description\":\"Sz\u00e1ll\u00edt\u00e1si \u00e9s logisztikai szolg\u00e1ltat\u00e1sok\",\"publisher\":{\"@id\":\"http:\/\/gondartransport.hu\/hu\/#organization\"},\"potentialAction\":[{\"@type\":\"SearchAction\",\"target\":{\"@type\":\"EntryPoint\",\"urlTemplate\":\"http:\/\/gondartransport.hu\/hu\/?s={search_term_string}\"},\"query-input\":{\"@type\":\"PropertyValueSpecification\",\"valueRequired\":true,\"valueName\":\"search_term_string\"}}],\"inLanguage\":\"hu\"},{\"@type\":\"Organization\",\"@id\":\"http:\/\/gondartransport.hu\/hu\/#organization\",\"name\":\"Gond\u00e1r\",\"url\":\"http:\/\/gondartransport.hu\/hu\/\",\"logo\":{\"@type\":\"ImageObject\",\"inLanguage\":\"hu\",\"@id\":\"http:\/\/gondartransport.hu\/hu\/#\/schema\/logo\/image\/\",\"url\":\"https:\/\/gondartransport.hu\/hu\/wp-content\/uploads\/2023\/04\/gondar_logo_white_.png\",\"contentUrl\":\"https:\/\/gondartransport.hu\/hu\/wp-content\/uploads\/2023\/04\/gondar_logo_white_.png\",\"width\":153,\"height\":37,\"caption\":\"Gond\u00e1r\"},\"image\":{\"@id\":\"http:\/\/gondartransport.hu\/hu\/#\/schema\/logo\/image\/\"}}]}<\/script>\n<!-- \/ Yoast SEO plugin. -->","yoast_head_json":{"title":"\u00c1ll\u00e1sok - Gond\u00e1r","robots":{"index":"index","follow":"follow","max-snippet":"max-snippet:-1","max-image-preview":"max-image-preview:large","max-video-preview":"max-video-preview:-1"},"canonical":"https:\/\/gondartransport.hu\/hu\/allasok\/","og_locale":"hu_HU","og_type":"article","og_title":"\u00c1ll\u00e1sok - Gond\u00e1r","og_description":"\u00c1ll\u00e1sok A Gond\u00e1rn\u00e1l el\u00e9rhet\u0151 \u00e9s bet\u00f6lthet\u0151 \u00e1ll\u00e1sainkat list\u00e1ja","og_url":"https:\/\/gondartransport.hu\/hu\/allasok\/","og_site_name":"Gond\u00e1r","article_modified_time":"2023-08-29T11:28:39+00:00","twitter_card":"summary_large_image","twitter_misc":{"Becs\u00fclt olvas\u00e1si id\u0151":"1 perc"},"schema":{"@context":"https:\/\/schema.org","@graph":[{"@type":"WebPage","@id":"https:\/\/gondartransport.hu\/hu\/allasok\/","url":"https:\/\/gondartransport.hu\/hu\/allasok\/","name":"\u00c1ll\u00e1sok - Gond\u00e1r","isPartOf":{"@id":"http:\/\/gondartransport.hu\/hu\/#website"},"datePublished":"2023-05-09T10:21:32+00:00","dateModified":"2023-08-29T11:28:39+00:00","breadcrumb":{"@id":"https:\/\/gondartransport.hu\/hu\/allasok\/#breadcrumb"},"inLanguage":"hu","potentialAction":[{"@type":"ReadAction","target":["https:\/\/gondartransport.hu\/hu\/allasok\/"]}]},{"@type":"BreadcrumbList","@id":"https:\/\/gondartransport.hu\/hu\/allasok\/#breadcrumb","itemListElement":[{"@type":"ListItem","position":1,"name":"Home","item":"http:\/\/gondartransport.hu\/hu\/"},{"@type":"ListItem","position":2,"name":"\u00c1ll\u00e1sok"}]},{"@type":"WebSite","@id":"http:\/\/gondartransport.hu\/hu\/#website","url":"http:\/\/gondartransport.hu\/hu\/","name":"Gond\u00e1r","description":"Sz\u00e1ll\u00edt\u00e1si \u00e9s logisztikai szolg\u00e1ltat\u00e1sok","publisher":{"@id":"http:\/\/gondartransport.hu\/hu\/#organization"},"potentialAction":[{"@type":"SearchAction","target":{"@type":"EntryPoint","urlTemplate":"http:\/\/gondartransport.hu\/hu\/?s={search_term_string}"},"query-input":{"@type":"PropertyValueSpecification","valueRequired":true,"valueName":"search_term_string"}}],"inLanguage":"hu"},{"@type":"Organization","@id":"http:\/\/gondartransport.hu\/hu\/#organization","name":"Gond\u00e1r","url":"http:\/\/gondartransport.hu\/hu\/","logo":{"@type":"ImageObject","inLanguage":"hu","@id":"http:\/\/gondartransport.hu\/hu\/#\/schema\/logo\/image\/","url":"https:\/\/gondartransport.hu\/hu\/wp-content\/uploads\/2023\/04\/gondar_logo_white_.png","contentUrl":"https:\/\/gondartransport.hu\/hu\/wp-content\/uploads\/2023\/04\/gondar_logo_white_.png","width":153,"height":37,"caption":"Gond\u00e1r"},"image":{"@id":"http:\/\/gondartransport.hu\/hu\/#\/schema\/logo\/image\/"}}]}},"_links":{"self":[{"href":"https:\/\/gondartransport.hu\/hu\/wp-json\/wp\/v2\/pages\/230","targetHints":{"allow":["GET"]}}],"collection":[{"href":"https:\/\/gondartransport.hu\/hu\/wp-json\/wp\/v2\/pages"}],"about":[{"href":"https:\/\/gondartransport.hu\/hu\/wp-json\/wp\/v2\/types\/page"}],"author":[{"embeddable":true,"href":"https:\/\/gondartransport.hu\/hu\/wp-json\/wp\/v2\/users\/1"}],"replies":[{"embeddable":true,"href":"https:\/\/gondartransport.hu\/hu\/wp-json\/wp\/v2\/comments?post=230"}],"version-history":[{"count":22,"href":"https:\/\/gondartransport.hu\/hu\/wp-json\/wp\/v2\/pages\/230\/revisions"}],"predecessor-version":[{"id":521,"href":"https:\/\/gondartransport.hu\/hu\/wp-json\/wp\/v2\/pages\/230\/revisions\/521"}],"wp:attachment":[{"href":"https:\/\/gondartransport.hu\/hu\/wp-json\/wp\/v2\/media?parent=230"}],"curies":[{"name":"wp","href":"https:\/\/api.w.org\/{rel}","templated":true}]}}