{"id":34,"date":"2023-04-24T16:51:08","date_gmt":"2023-04-24T14:51:08","guid":{"rendered":"https:\/\/gondartransport.hu\/hu\/?page_id=34"},"modified":"2023-08-29T13:29:54","modified_gmt":"2023-08-29T11:29:54","slug":"palyazatok","status":"publish","type":"page","link":"https:\/\/gondartransport.hu\/hu\/palyazatok\/","title":{"rendered":"P\u00e1ly\u00e1zatok"},"content":{"rendered":"\t\t<div data-elementor-type=\"wp-page\" data-elementor-id=\"34\" class=\"elementor elementor-34\" data-elementor-post-type=\"page\">\n\t\t\t\t\t\t<section class=\"elementor-section elementor-top-section elementor-element elementor-element-3f3afb11 elementor-section-height-min-height elementor-section-boxed elementor-section-height-default elementor-section-items-middle\" data-id=\"3f3afb11\" data-element_type=\"section\" data-settings=\"{&quot;background_background&quot;:&quot;classic&quot;}\">\n\t\t\t\t\t\t\t<div class=\"elementor-background-overlay\"><\/div>\n\t\t\t\t\t\t\t<div class=\"elementor-container elementor-column-gap-default\">\n\t\t\t\t\t<div class=\"elementor-column elementor-col-100 elementor-top-column elementor-element elementor-element-2e985afb\" data-id=\"2e985afb\" data-element_type=\"column\">\n\t\t\t<div class=\"elementor-widget-wrap elementor-element-populated\">\n\t\t\t\t\t\t<div class=\"elementor-element elementor-element-2b5abee elementor-widget elementor-widget-heading\" data-id=\"2b5abee\" data-element_type=\"widget\" data-widget_type=\"heading.default\">\n\t\t\t\t<div class=\"elementor-widget-container\">\n\t\t\t\t\t<h2 class=\"elementor-heading-title elementor-size-default\">P\u00e1lyz\u00e1zatok<\/h2>\t\t\t\t<\/div>\n\t\t\t\t<\/div>\n\t\t\t\t<div class=\"elementor-element elementor-element-6b2d154e elementor-widget__width-initial elementor-widget-mobile__width-inherit elementor-invisible elementor-widget elementor-widget-text-editor\" data-id=\"6b2d154e\" data-element_type=\"widget\" data-settings=\"{&quot;_animation&quot;:&quot;fadeIn&quot;,&quot;_animation_delay&quot;:600}\" data-widget_type=\"text-editor.default\">\n\t\t\t\t<div class=\"elementor-widget-container\">\n\t\t\t\t\t\t\t\t\t<p>C\u00e9g\u00fcnk \u00e1ltal elnyert p\u00e1ly\u00e1zatok list\u00e1ja \u00e9s le\u00edr\u00e1sa.<\/p>\t\t\t\t\t\t\t\t<\/div>\n\t\t\t\t<\/div>\n\t\t\t\t\t<\/div>\n\t\t<\/div>\n\t\t\t\t\t<\/div>\n\t\t<\/section>\n\t\t\t\t<section class=\"elementor-section elementor-top-section elementor-element elementor-element-2fb27ed1 elementor-section-boxed elementor-section-height-default elementor-section-height-default\" data-id=\"2fb27ed1\" data-element_type=\"section\">\n\t\t\t\t\t\t<div class=\"elementor-container elementor-column-gap-default\">\n\t\t\t\t\t<div class=\"elementor-column elementor-col-100 elementor-top-column elementor-element elementor-element-2e2ebbfd\" data-id=\"2e2ebbfd\" data-element_type=\"column\">\n\t\t\t<div class=\"elementor-widget-wrap elementor-element-populated\">\n\t\t\t\t\t\t<div class=\"elementor-element elementor-element-97c0253 elementor-grid-3 elementor-grid-tablet-2 elementor-grid-mobile-1 elementor-posts--thumbnail-top elementor-card-shadow-yes elementor-posts__hover-gradient elementor-widget elementor-widget-posts\" data-id=\"97c0253\" data-element_type=\"widget\" data-settings=\"{&quot;cards_row_gap&quot;:{&quot;unit&quot;:&quot;px&quot;,&quot;size&quot;:40,&quot;sizes&quot;:[]},&quot;cards_columns&quot;:&quot;3&quot;,&quot;cards_columns_tablet&quot;:&quot;2&quot;,&quot;cards_columns_mobile&quot;:&quot;1&quot;,&quot;cards_row_gap_tablet&quot;:{&quot;unit&quot;:&quot;px&quot;,&quot;size&quot;:&quot;&quot;,&quot;sizes&quot;:[]},&quot;cards_row_gap_mobile&quot;:{&quot;unit&quot;:&quot;px&quot;,&quot;size&quot;:&quot;&quot;,&quot;sizes&quot;:[]}}\" data-widget_type=\"posts.cards\">\n\t\t\t\t<div class=\"elementor-widget-container\">\n\t\t\t\t\t\t\t<div class=\"elementor-posts-container elementor-posts elementor-posts--skin-cards elementor-grid\" role=\"list\">\n\t\t\t\t<article class=\"elementor-post elementor-grid-item post-172 post type-post status-publish format-standard has-post-thumbnail hentry category-palyazatok\" role=\"listitem\">\n\t\t\t<div class=\"elementor-post__card\">\n\t\t\t\t<a class=\"elementor-post__thumbnail__link\" href=\"https:\/\/gondartransport.hu\/hu\/ginop-1-2-8-20-2020-03304\/\" tabindex=\"-1\" ><div class=\"elementor-post__thumbnail\"><img fetchpriority=\"high\" decoding=\"async\" width=\"296\" height=\"207\" src=\"https:\/\/gondartransport.hu\/hu\/wp-content\/uploads\/2023\/04\/Kep1.png\" class=\"attachment-full size-full wp-image-173\" alt=\"\" \/><\/div><\/a>\n\t\t\t\t<div class=\"elementor-post__text\">\n\t\t\t\t<h3 class=\"elementor-post__title\">\n\t\t\t<a href=\"https:\/\/gondartransport.hu\/hu\/ginop-1-2-8-20-2020-03304\/\" >\n\t\t\t\tA Gond\u00e1r Transport Kft. fejleszt\u00e9se\t\t\t<\/a>\n\t\t<\/h3>\n\t\t\n\t\t<a class=\"elementor-post__read-more\" href=\"https:\/\/gondartransport.hu\/hu\/ginop-1-2-8-20-2020-03304\/\" aria-label=\"Read more about A Gond\u00e1r Transport Kft. fejleszt\u00e9se\" tabindex=\"-1\" >\n\t\t\tP\u00e1ly\u00e1zat r\u00e9szletei\t\t<\/a>\n\n\t\t\t\t<\/div>\n\t\t\t\t\t<\/div>\n\t\t<\/article>\n\t\t\t\t<article class=\"elementor-post elementor-grid-item post-182 post type-post status-publish format-standard has-post-thumbnail hentry category-palyazatok\" role=\"listitem\">\n\t\t\t<div class=\"elementor-post__card\">\n\t\t\t\t<a class=\"elementor-post__thumbnail__link\" href=\"https:\/\/gondartransport.hu\/hu\/ginop-6-1-6-17-2018-00718\/\" tabindex=\"-1\" ><div class=\"elementor-post__thumbnail\"><img fetchpriority=\"high\" decoding=\"async\" width=\"296\" height=\"207\" src=\"https:\/\/gondartransport.hu\/hu\/wp-content\/uploads\/2023\/04\/Kep1.png\" class=\"attachment-full size-full wp-image-173\" alt=\"\" \/><\/div><\/a>\n\t\t\t\t<div class=\"elementor-post__text\">\n\t\t\t\t<h3 class=\"elementor-post__title\">\n\t\t\t<a href=\"https:\/\/gondartransport.hu\/hu\/ginop-6-1-6-17-2018-00718\/\" >\n\t\t\t\tMunkav\u00e1llal\u00f3k k\u00e9pz\u00e9se a Gond\u00e1r Transport Kft-n\u00e9l\t\t\t<\/a>\n\t\t<\/h3>\n\t\t\n\t\t<a class=\"elementor-post__read-more\" href=\"https:\/\/gondartransport.hu\/hu\/ginop-6-1-6-17-2018-00718\/\" aria-label=\"Read more about Munkav\u00e1llal\u00f3k k\u00e9pz\u00e9se a Gond\u00e1r Transport Kft-n\u00e9l\" tabindex=\"-1\" >\n\t\t\tP\u00e1ly\u00e1zat r\u00e9szletei\t\t<\/a>\n\n\t\t\t\t<\/div>\n\t\t\t\t\t<\/div>\n\t\t<\/article>\n\t\t\t\t<article class=\"elementor-post elementor-grid-item post-184 post type-post status-publish format-standard has-post-thumbnail hentry category-palyazatok\" role=\"listitem\">\n\t\t\t<div class=\"elementor-post__card\">\n\t\t\t\t<a class=\"elementor-post__thumbnail__link\" href=\"https:\/\/gondartransport.hu\/hu\/energetikai-beruhazas-a-gondar-logisztikai-kft-nel\/\" tabindex=\"-1\" ><div class=\"elementor-post__thumbnail\"><img fetchpriority=\"high\" decoding=\"async\" width=\"296\" height=\"207\" src=\"https:\/\/gondartransport.hu\/hu\/wp-content\/uploads\/2023\/04\/Kep1.png\" class=\"attachment-full size-full wp-image-173\" alt=\"\" \/><\/div><\/a>\n\t\t\t\t<div class=\"elementor-post__text\">\n\t\t\t\t<h3 class=\"elementor-post__title\">\n\t\t\t<a href=\"https:\/\/gondartransport.hu\/hu\/energetikai-beruhazas-a-gondar-logisztikai-kft-nel\/\" >\n\t\t\t\tEnergetikai beruh\u00e1z\u00e1s a Gond\u00e1r Logisztikai Kft-n\u00e9l\t\t\t<\/a>\n\t\t<\/h3>\n\t\t\n\t\t<a class=\"elementor-post__read-more\" href=\"https:\/\/gondartransport.hu\/hu\/energetikai-beruhazas-a-gondar-logisztikai-kft-nel\/\" aria-label=\"Read more about Energetikai beruh\u00e1z\u00e1s a Gond\u00e1r Logisztikai Kft-n\u00e9l\" tabindex=\"-1\" >\n\t\t\tP\u00e1ly\u00e1zat r\u00e9szletei\t\t<\/a>\n\n\t\t\t\t<\/div>\n\t\t\t\t\t<\/div>\n\t\t<\/article>\n\t\t\t\t<article class=\"elementor-post elementor-grid-item post-190 post type-post status-publish format-standard has-post-thumbnail hentry category-palyazatok\" role=\"listitem\">\n\t\t\t<div class=\"elementor-post__card\">\n\t\t\t\t<a class=\"elementor-post__thumbnail__link\" href=\"https:\/\/gondartransport.hu\/hu\/logisztikai-fejlesztesek-a-gondar-logisztikai-kft-nel\/\" tabindex=\"-1\" ><div class=\"elementor-post__thumbnail\"><img fetchpriority=\"high\" decoding=\"async\" width=\"296\" height=\"207\" src=\"https:\/\/gondartransport.hu\/hu\/wp-content\/uploads\/2023\/04\/Kep1.png\" class=\"attachment-full size-full wp-image-173\" alt=\"\" \/><\/div><\/a>\n\t\t\t\t<div class=\"elementor-post__text\">\n\t\t\t\t<h3 class=\"elementor-post__title\">\n\t\t\t<a href=\"https:\/\/gondartransport.hu\/hu\/logisztikai-fejlesztesek-a-gondar-logisztikai-kft-nel\/\" >\n\t\t\t\tLogisztikai fejleszt\u00e9sek a Gond\u00e1r Logisztikai Kft-n\u00e9l\t\t\t<\/a>\n\t\t<\/h3>\n\t\t\n\t\t<a class=\"elementor-post__read-more\" href=\"https:\/\/gondartransport.hu\/hu\/logisztikai-fejlesztesek-a-gondar-logisztikai-kft-nel\/\" aria-label=\"Read more about Logisztikai fejleszt\u00e9sek a Gond\u00e1r Logisztikai Kft-n\u00e9l\" tabindex=\"-1\" >\n\t\t\tP\u00e1ly\u00e1zat r\u00e9szletei\t\t<\/a>\n\n\t\t\t\t<\/div>\n\t\t\t\t\t<\/div>\n\t\t<\/article>\n\t\t\t\t<article class=\"elementor-post elementor-grid-item post-192 post type-post status-publish format-standard has-post-thumbnail hentry category-palyazatok\" role=\"listitem\">\n\t\t\t<div class=\"elementor-post__card\">\n\t\t\t\t<a class=\"elementor-post__thumbnail__link\" href=\"https:\/\/gondartransport.hu\/hu\/a-gondar-logisztikai-kft-logisztikai-kozpontjanak-es-szolgaltatasainak-fejlesztese\/\" tabindex=\"-1\" ><div class=\"elementor-post__thumbnail\"><img fetchpriority=\"high\" decoding=\"async\" width=\"296\" height=\"207\" src=\"https:\/\/gondartransport.hu\/hu\/wp-content\/uploads\/2023\/04\/Kep1.png\" class=\"attachment-full size-full wp-image-173\" alt=\"\" \/><\/div><\/a>\n\t\t\t\t<div class=\"elementor-post__text\">\n\t\t\t\t<h3 class=\"elementor-post__title\">\n\t\t\t<a href=\"https:\/\/gondartransport.hu\/hu\/a-gondar-logisztikai-kft-logisztikai-kozpontjanak-es-szolgaltatasainak-fejlesztese\/\" >\n\t\t\t\tA GOND\u00c1R Logisztikai Kft. logisztikai k\u00f6zpontj\u00e1nak \u00e9s szolg\u00e1ltat\u00e1sainak fejleszt\u00e9se.\t\t\t<\/a>\n\t\t<\/h3>\n\t\t\n\t\t<a class=\"elementor-post__read-more\" href=\"https:\/\/gondartransport.hu\/hu\/a-gondar-logisztikai-kft-logisztikai-kozpontjanak-es-szolgaltatasainak-fejlesztese\/\" aria-label=\"Read more about A GOND\u00c1R Logisztikai Kft. logisztikai k\u00f6zpontj\u00e1nak \u00e9s szolg\u00e1ltat\u00e1sainak fejleszt\u00e9se.\" tabindex=\"-1\" >\n\t\t\tP\u00e1ly\u00e1zat r\u00e9szletei\t\t<\/a>\n\n\t\t\t\t<\/div>\n\t\t\t\t\t<\/div>\n\t\t<\/article>\n\t\t\t\t<\/div>\n\t\t\n\t\t\t\t\t\t<\/div>\n\t\t\t\t<\/div>\n\t\t\t\t\t<\/div>\n\t\t<\/div>\n\t\t\t\t\t<\/div>\n\t\t<\/section>\n\t\t\t\t<section class=\"elementor-section elementor-top-section elementor-element elementor-element-55d63a72 elementor-section-full_width elementor-section-height-default elementor-section-height-default\" data-id=\"55d63a72\" data-element_type=\"section\">\n\t\t\t\t\t\t<div class=\"elementor-container elementor-column-gap-default\">\n\t\t\t\t\t<div class=\"elementor-column elementor-col-100 elementor-top-column elementor-element elementor-element-3d96fde4\" data-id=\"3d96fde4\" data-element_type=\"column\">\n\t\t\t<div class=\"elementor-widget-wrap elementor-element-populated\">\n\t\t\t\t\t\t<div class=\"elementor-element elementor-element-527114f0 elementor-widget elementor-widget-shortcode\" data-id=\"527114f0\" data-element_type=\"widget\" data-widget_type=\"shortcode.default\">\n\t\t\t\t<div class=\"elementor-widget-container\">\n\t\t\t\t\t\t\t<div class=\"elementor-shortcode\"><\/div>\n\t\t\t\t\t\t<\/div>\n\t\t\t\t<\/div>\n\t\t\t\t\t<\/div>\n\t\t<\/div>\n\t\t\t\t\t<\/div>\n\t\t<\/section>\n\t\t\t\t<\/div>\n\t\t","protected":false},"excerpt":{"rendered":"<p>P\u00e1lyz\u00e1zatok C\u00e9g\u00fcnk \u00e1ltal elnyert p\u00e1ly\u00e1zatok list\u00e1ja \u00e9s le\u00edr\u00e1sa.<\/p>\n","protected":false},"author":1,"featured_media":0,"parent":0,"menu_order":0,"comment_status":"closed","ping_status":"closed","template":"elementor_header_footer","meta":{"footnotes":""},"class_list":["post-34","page","type-page","status-publish","hentry"],"yoast_head":"<!-- This site is optimized with the Yoast SEO plugin v26.8 - https:\/\/yoast.com\/product\/yoast-seo-wordpress\/ -->\n<title>P\u00e1ly\u00e1zatok - Gond\u00e1r<\/title>\n<meta name=\"robots\" content=\"index, follow, max-snippet:-1, max-image-preview:large, max-video-preview:-1\" \/>\n<link rel=\"canonical\" href=\"https:\/\/gondartransport.hu\/hu\/palyazatok\/\" \/>\n<meta property=\"og:locale\" content=\"hu_HU\" \/>\n<meta property=\"og:type\" content=\"article\" \/>\n<meta property=\"og:title\" content=\"P\u00e1ly\u00e1zatok - Gond\u00e1r\" \/>\n<meta property=\"og:description\" content=\"P\u00e1lyz\u00e1zatok C\u00e9g\u00fcnk \u00e1ltal elnyert p\u00e1ly\u00e1zatok list\u00e1ja \u00e9s le\u00edr\u00e1sa.\" \/>\n<meta property=\"og:url\" content=\"https:\/\/gondartransport.hu\/hu\/palyazatok\/\" \/>\n<meta property=\"og:site_name\" content=\"Gond\u00e1r\" \/>\n<meta property=\"article:modified_time\" content=\"2023-08-29T11:29:54+00:00\" \/>\n<meta name=\"twitter:card\" content=\"summary_large_image\" \/>\n<meta name=\"twitter:label1\" content=\"Becs\u00fclt olvas\u00e1si id\u0151\" \/>\n\t<meta name=\"twitter:data1\" content=\"2 perc\" \/>\n<script type=\"application\/ld+json\" class=\"yoast-schema-graph\">{\"@context\":\"https:\/\/schema.org\",\"@graph\":[{\"@type\":\"WebPage\",\"@id\":\"https:\/\/gondartransport.hu\/hu\/palyazatok\/\",\"url\":\"https:\/\/gondartransport.hu\/hu\/palyazatok\/\",\"name\":\"P\u00e1ly\u00e1zatok - Gond\u00e1r\",\"isPartOf\":{\"@id\":\"http:\/\/gondartransport.hu\/hu\/#website\"},\"datePublished\":\"2023-04-24T14:51:08+00:00\",\"dateModified\":\"2023-08-29T11:29:54+00:00\",\"breadcrumb\":{\"@id\":\"https:\/\/gondartransport.hu\/hu\/palyazatok\/#breadcrumb\"},\"inLanguage\":\"hu\",\"potentialAction\":[{\"@type\":\"ReadAction\",\"target\":[\"https:\/\/gondartransport.hu\/hu\/palyazatok\/\"]}]},{\"@type\":\"BreadcrumbList\",\"@id\":\"https:\/\/gondartransport.hu\/hu\/palyazatok\/#breadcrumb\",\"itemListElement\":[{\"@type\":\"ListItem\",\"position\":1,\"name\":\"Home\",\"item\":\"http:\/\/gondartransport.hu\/hu\/\"},{\"@type\":\"ListItem\",\"position\":2,\"name\":\"P\u00e1ly\u00e1zatok\"}]},{\"@type\":\"WebSite\",\"@id\":\"http:\/\/gondartransport.hu\/hu\/#website\",\"url\":\"http:\/\/gondartransport.hu\/hu\/\",\"name\":\"Gond\u00e1r\",\"description\":\"Sz\u00e1ll\u00edt\u00e1si \u00e9s logisztikai szolg\u00e1ltat\u00e1sok\",\"publisher\":{\"@id\":\"http:\/\/gondartransport.hu\/hu\/#organization\"},\"potentialAction\":[{\"@type\":\"SearchAction\",\"target\":{\"@type\":\"EntryPoint\",\"urlTemplate\":\"http:\/\/gondartransport.hu\/hu\/?s={search_term_string}\"},\"query-input\":{\"@type\":\"PropertyValueSpecification\",\"valueRequired\":true,\"valueName\":\"search_term_string\"}}],\"inLanguage\":\"hu\"},{\"@type\":\"Organization\",\"@id\":\"http:\/\/gondartransport.hu\/hu\/#organization\",\"name\":\"Gond\u00e1r\",\"url\":\"http:\/\/gondartransport.hu\/hu\/\",\"logo\":{\"@type\":\"ImageObject\",\"inLanguage\":\"hu\",\"@id\":\"http:\/\/gondartransport.hu\/hu\/#\/schema\/logo\/image\/\",\"url\":\"https:\/\/gondartransport.hu\/hu\/wp-content\/uploads\/2023\/04\/gondar_logo_white_.png\",\"contentUrl\":\"https:\/\/gondartransport.hu\/hu\/wp-content\/uploads\/2023\/04\/gondar_logo_white_.png\",\"width\":153,\"height\":37,\"caption\":\"Gond\u00e1r\"},\"image\":{\"@id\":\"http:\/\/gondartransport.hu\/hu\/#\/schema\/logo\/image\/\"}}]}<\/script>\n<!-- \/ Yoast SEO plugin. -->","yoast_head_json":{"title":"P\u00e1ly\u00e1zatok - Gond\u00e1r","robots":{"index":"index","follow":"follow","max-snippet":"max-snippet:-1","max-image-preview":"max-image-preview:large","max-video-preview":"max-video-preview:-1"},"canonical":"https:\/\/gondartransport.hu\/hu\/palyazatok\/","og_locale":"hu_HU","og_type":"article","og_title":"P\u00e1ly\u00e1zatok - Gond\u00e1r","og_description":"P\u00e1lyz\u00e1zatok C\u00e9g\u00fcnk \u00e1ltal elnyert p\u00e1ly\u00e1zatok list\u00e1ja \u00e9s le\u00edr\u00e1sa.","og_url":"https:\/\/gondartransport.hu\/hu\/palyazatok\/","og_site_name":"Gond\u00e1r","article_modified_time":"2023-08-29T11:29:54+00:00","twitter_card":"summary_large_image","twitter_misc":{"Becs\u00fclt olvas\u00e1si id\u0151":"2 perc"},"schema":{"@context":"https:\/\/schema.org","@graph":[{"@type":"WebPage","@id":"https:\/\/gondartransport.hu\/hu\/palyazatok\/","url":"https:\/\/gondartransport.hu\/hu\/palyazatok\/","name":"P\u00e1ly\u00e1zatok - Gond\u00e1r","isPartOf":{"@id":"http:\/\/gondartransport.hu\/hu\/#website"},"datePublished":"2023-04-24T14:51:08+00:00","dateModified":"2023-08-29T11:29:54+00:00","breadcrumb":{"@id":"https:\/\/gondartransport.hu\/hu\/palyazatok\/#breadcrumb"},"inLanguage":"hu","potentialAction":[{"@type":"ReadAction","target":["https:\/\/gondartransport.hu\/hu\/palyazatok\/"]}]},{"@type":"BreadcrumbList","@id":"https:\/\/gondartransport.hu\/hu\/palyazatok\/#breadcrumb","itemListElement":[{"@type":"ListItem","position":1,"name":"Home","item":"http:\/\/gondartransport.hu\/hu\/"},{"@type":"ListItem","position":2,"name":"P\u00e1ly\u00e1zatok"}]},{"@type":"WebSite","@id":"http:\/\/gondartransport.hu\/hu\/#website","url":"http:\/\/gondartransport.hu\/hu\/","name":"Gond\u00e1r","description":"Sz\u00e1ll\u00edt\u00e1si \u00e9s logisztikai szolg\u00e1ltat\u00e1sok","publisher":{"@id":"http:\/\/gondartransport.hu\/hu\/#organization"},"potentialAction":[{"@type":"SearchAction","target":{"@type":"EntryPoint","urlTemplate":"http:\/\/gondartransport.hu\/hu\/?s={search_term_string}"},"query-input":{"@type":"PropertyValueSpecification","valueRequired":true,"valueName":"search_term_string"}}],"inLanguage":"hu"},{"@type":"Organization","@id":"http:\/\/gondartransport.hu\/hu\/#organization","name":"Gond\u00e1r","url":"http:\/\/gondartransport.hu\/hu\/","logo":{"@type":"ImageObject","inLanguage":"hu","@id":"http:\/\/gondartransport.hu\/hu\/#\/schema\/logo\/image\/","url":"https:\/\/gondartransport.hu\/hu\/wp-content\/uploads\/2023\/04\/gondar_logo_white_.png","contentUrl":"https:\/\/gondartransport.hu\/hu\/wp-content\/uploads\/2023\/04\/gondar_logo_white_.png","width":153,"height":37,"caption":"Gond\u00e1r"},"image":{"@id":"http:\/\/gondartransport.hu\/hu\/#\/schema\/logo\/image\/"}}]}},"_links":{"self":[{"href":"https:\/\/gondartransport.hu\/hu\/wp-json\/wp\/v2\/pages\/34","targetHints":{"allow":["GET"]}}],"collection":[{"href":"https:\/\/gondartransport.hu\/hu\/wp-json\/wp\/v2\/pages"}],"about":[{"href":"https:\/\/gondartransport.hu\/hu\/wp-json\/wp\/v2\/types\/page"}],"author":[{"embeddable":true,"href":"https:\/\/gondartransport.hu\/hu\/wp-json\/wp\/v2\/users\/1"}],"replies":[{"embeddable":true,"href":"https:\/\/gondartransport.hu\/hu\/wp-json\/wp\/v2\/comments?post=34"}],"version-history":[{"count":31,"href":"https:\/\/gondartransport.hu\/hu\/wp-json\/wp\/v2\/pages\/34\/revisions"}],"predecessor-version":[{"id":524,"href":"https:\/\/gondartransport.hu\/hu\/wp-json\/wp\/v2\/pages\/34\/revisions\/524"}],"wp:attachment":[{"href":"https:\/\/gondartransport.hu\/hu\/wp-json\/wp\/v2\/media?parent=34"}],"curies":[{"name":"wp","href":"https:\/\/api.w.org\/{rel}","templated":true}]}}