{"id":607,"date":"2025-09-26T16:10:15","date_gmt":"2025-09-26T14:10:15","guid":{"rendered":"https:\/\/gondartransport.hu\/hu\/?page_id=607"},"modified":"2025-09-26T16:17:28","modified_gmt":"2025-09-26T14:17:28","slug":"arajanlat","status":"publish","type":"page","link":"https:\/\/gondartransport.hu\/hu\/arajanlat\/","title":{"rendered":"\u00c1raj\u00e1nlat"},"content":{"rendered":"\t\t<div data-elementor-type=\"wp-page\" data-elementor-id=\"607\" class=\"elementor elementor-607\" data-elementor-post-type=\"page\">\n\t\t\t\t\t\t<section class=\"elementor-section elementor-top-section elementor-element elementor-element-2e652e54 elementor-section-height-min-height elementor-section-boxed elementor-section-height-default elementor-section-items-middle\" data-id=\"2e652e54\" data-element_type=\"section\" data-settings=\"{&quot;background_background&quot;:&quot;classic&quot;}\">\n\t\t\t\t\t\t\t<div class=\"elementor-background-overlay\"><\/div>\n\t\t\t\t\t\t\t<div class=\"elementor-container elementor-column-gap-default\">\n\t\t\t\t\t<div class=\"elementor-column elementor-col-100 elementor-top-column elementor-element elementor-element-c48cb69\" data-id=\"c48cb69\" data-element_type=\"column\">\n\t\t\t<div class=\"elementor-widget-wrap elementor-element-populated\">\n\t\t\t\t\t\t<div class=\"elementor-element elementor-element-38f83c99 elementor-invisible elementor-widget elementor-widget-heading\" data-id=\"38f83c99\" data-element_type=\"widget\" data-settings=\"{&quot;_animation&quot;:&quot;fadeInDown&quot;}\" data-widget_type=\"heading.default\">\n\t\t\t\t<div class=\"elementor-widget-container\">\n\t\t\t\t\t<h1 class=\"elementor-heading-title elementor-size-default\">\u00c1raj\u00e1nlat<\/h1>\t\t\t\t<\/div>\n\t\t\t\t<\/div>\n\t\t\t\t<div class=\"elementor-element elementor-element-e97cf61 elementor-widget__width-initial elementor-widget-mobile__width-inherit elementor-invisible elementor-widget elementor-widget-text-editor\" data-id=\"e97cf61\" data-element_type=\"widget\" data-settings=\"{&quot;_animation&quot;:&quot;fadeIn&quot;,&quot;_animation_delay&quot;:600}\" data-widget_type=\"text-editor.default\">\n\t\t\t\t<div class=\"elementor-widget-container\">\n\t\t\t\t\t\t\t\t\t<p>K\u00e9rjen t\u0151l\u00fcnk \u00e1raj\u00e1nlatot!<\/p>\t\t\t\t\t\t\t\t<\/div>\n\t\t\t\t<\/div>\n\t\t\t\t\t<\/div>\n\t\t<\/div>\n\t\t\t\t\t<\/div>\n\t\t<\/section>\n\t\t\t\t<section class=\"elementor-section elementor-top-section elementor-element elementor-element-6f35df4 elementor-section-boxed elementor-section-height-default elementor-section-height-default\" data-id=\"6f35df4\" data-element_type=\"section\">\n\t\t\t\t\t\t<div class=\"elementor-container elementor-column-gap-default\">\n\t\t\t\t\t<div class=\"elementor-column elementor-col-100 elementor-top-column elementor-element elementor-element-b90ed83\" data-id=\"b90ed83\" data-element_type=\"column\">\n\t\t\t<div class=\"elementor-widget-wrap elementor-element-populated\">\n\t\t\t\t\t\t<div class=\"elementor-element elementor-element-fc3d8c5 elementor-widget elementor-widget-elementskit-heading\" data-id=\"fc3d8c5\" data-element_type=\"widget\" data-widget_type=\"elementskit-heading.default\">\n\t\t\t\t<div class=\"elementor-widget-container\">\n\t\t\t\t\t<div class=\"ekit-wid-con\" ><div class=\"ekit-heading elementskit-section-title-wraper text_left   ekit_heading_tablet-   ekit_heading_mobile-\"><h2 class=\"ekit-heading--title elementskit-section-title \">\u00c1raj\u00e1nlat ig\u00e9nyl\u0151<\/h2><\/div><\/div>\t\t\t\t<\/div>\n\t\t\t\t<\/div>\n\t\t\t\t<div class=\"elementor-element elementor-element-eb1cdd4 fluentform-widget-submit-button-full-width fluent-form-widget-step-header-yes fluent-form-widget-step-progressbar-yes elementor-widget elementor-widget-fluent-form-widget\" data-id=\"eb1cdd4\" data-element_type=\"widget\" data-widget_type=\"fluent-form-widget.default\">\n\t\t\t\t<div class=\"elementor-widget-container\">\n\t\t\t\t\t\n            <div class=\"fluentform-widget-wrapper hide-fluent-form-labels fluentform-widget-align-default\">\n\n            \n            <div class='fluentform ff-default fluentform_wrapper_8 ffs_default_wrap'><form data-form_id=\"8\" id=\"fluentform_8\" class=\"frm-fluent-form fluent_form_8 ff-el-form-top ff_form_instance_8_1 ff-form-loading ffs_default\" data-form_instance=\"ff_form_instance_8_1\" method=\"POST\" ><fieldset  style=\"border: none!important;margin: 0!important;padding: 0!important;background-color: transparent!important;box-shadow: none!important;outline: none!important; min-inline-size: 100%;\">\n                    <legend class=\"ff_screen_reader_title\" style=\"display: block; margin: 0!important;padding: 0!important;height: 0!important;text-indent: -999999px;width: 0!important;overflow:hidden;\">\u00c1raj\u00e1nlatk\u00e9r\u00e9s - Oldal<\/legend>        <div\n                style=\"display: none!important; position: absolute!important; transform: translateX(1000%)!important;\"\n                class=\"ff-el-group ff-hpsf-container\"\n        >\n            <div class=\"ff-el-input--label asterisk-right\">\n                <label for=\"ff_8_item_sf\" aria-label=\"Newsletter\">\n                    Newsletter                <\/label>\n            <\/div>\n            <div class=\"ff-el-input--content\">\n                <input type=\"text\"\n                       name=\"item_8__fluent_sf\"\n                       class=\"ff-el-form-control\"\n                       id=\"ff_8_item_sf\"\n                \/>\n            <\/div>\n        <\/div>\n        <input type='hidden' name='__fluent_form_embded_post_id' value='607' \/><input type=\"hidden\" id=\"_fluentform_8_fluentformnonce\" name=\"_fluentform_8_fluentformnonce\" value=\"1d680ee6d9\" \/><input type=\"hidden\" name=\"_wp_http_referer\" value=\"\/hu\/wp-json\/wp\/v2\/pages\/607\" \/><div data-name=\"ff_cn_id_1\"  class='ff-t-container ff-column-container ff_columns_total_1 '><div class='ff-t-cell ff-t-column-1' style='flex-basis: 100%;'><div class='ff-el-group'><div class=\"ff-el-input--label ff-el-is-required asterisk-right\"><label for='ff_8_dropdown' id='label_ff_8_dropdown' aria-label=\"Szolg\u00e1ltat\u00e1s\">Szolg\u00e1ltat\u00e1s<\/label><\/div><div class='ff-el-input--content'><select name=\"dropdown\" id=\"ff_8_dropdown\" class=\"ff-el-form-control\" data-name=\"dropdown\" data-calc_value=\"0\"  aria-invalid=\"false\" aria-required=\"true\" aria-labelledby=\"label_ff_8_dropdown\"><option value=\"\">V\u00e1lasszon melyik szolg\u00e1ltat\u00e1sunkra k\u00e9r \u00e1raj\u00e1nlatot<\/option><option value=\"Fuvaroz\u00e1s \u00e9s sz\u00e1ll\u00edtm\u00e1nyoz\u00e1s\"  >Fuvaroz\u00e1s \u00e9s sz\u00e1ll\u00edtm\u00e1nyoz\u00e1s<\/option><option value=\"Logisztika \"  >Logisztika<\/option><\/select><\/div><\/div><\/div><\/div><div data-type=\"name-element\" data-name=\"names\" class=\" ff-field_container ff-name-field-wrapper\" ><div class='ff-t-container'><div class='ff-t-cell '><div class='ff-el-group'><div class=\"ff-el-input--label ff-el-is-required asterisk-right\"><label for='ff_8_names_first_name_' id='label_ff_8_names_first_name_' >Vezet\u00e9kn\u00e9v<\/label><\/div><div class='ff-el-input--content'><input type=\"text\" name=\"names[first_name]\" id=\"ff_8_names_first_name_\" class=\"ff-el-form-control\" placeholder=\"Vezet\u00e9kn\u00e9v\" aria-invalid=\"false\" aria-required=true><\/div><\/div><\/div><div class='ff-t-cell '><div class='ff-el-group'><div class=\"ff-el-input--label ff-el-is-required asterisk-right\"><label for='ff_8_names_last_name_' id='label_ff_8_names_last_name_' >Keresztn\u00e9v<\/label><\/div><div class='ff-el-input--content'><input type=\"text\" name=\"names[last_name]\" id=\"ff_8_names_last_name_\" class=\"ff-el-form-control\" placeholder=\"Keresztn\u00e9v\" aria-invalid=\"false\" aria-required=true><\/div><\/div><\/div><\/div><\/div><div data-name=\"ff_cn_id_2\"  class='ff-t-container ff-column-container ff_columns_total_2 '><div class='ff-t-cell ff-t-column-1' style='flex-basis: 50%;'><div class='ff-el-group'><div class=\"ff-el-input--label ff-el-is-required asterisk-right\"><label for='ff_8_email' id='label_ff_8_email' aria-label=\"Email\">Email<\/label><\/div><div class='ff-el-input--content'><input type=\"email\" name=\"email\" id=\"ff_8_email\" class=\"ff-el-form-control\" placeholder=\"Email c\u00edm\" data-name=\"email\"  aria-invalid=\"false\" aria-required=true><\/div><\/div><\/div><div class='ff-t-cell ff-t-column-2' style='flex-basis: 50%;'><div class='ff-el-group'><div class=\"ff-el-input--label ff-el-is-required asterisk-right\"><label for='ff_8_input_text' id='label_ff_8_input_text' aria-label=\"Telefonsz\u00e1m\">Telefonsz\u00e1m<\/label><\/div><div class='ff-el-input--content'><input type=\"text\" name=\"input_text\" class=\"ff-el-form-control\" placeholder=\"Telefonsz\u00e1m\" data-name=\"input_text\" id=\"ff_8_input_text\"  aria-invalid=\"false\" aria-required=true><\/div><\/div><\/div><\/div><div class='ff-el-group'><div class=\"ff-el-input--label ff-el-is-required asterisk-right\"><label for='ff_8_message' id='label_ff_8_message' aria-label=\"Foglalja \u00f6ssze miben lehet\u00fcnk a seg\u00edts\u00e9g\u00e9re\">Foglalja \u00f6ssze miben lehet\u00fcnk a seg\u00edts\u00e9g\u00e9re<\/label><\/div><div class='ff-el-input--content'><textarea aria-required=\"true\" aria-labelledby=\"label_ff_8_message\" name=\"message\" id=\"ff_8_message\" class=\"ff-el-form-control\" placeholder=\"Foglalja \u00f6ssze miben lehet\u00fcnk a seg\u00edts\u00e9g\u00e9re\" rows=\"7\" cols=\"2\" data-name=\"message\" ><\/textarea><\/div><\/div><div class='ff-el-group ' ><div class='ff-el-input--content'><div data-fluent_id='8' name='g-recaptcha-response'><div\n\t\tdata-sitekey='6LcTvk8sAAAAAPxSD90SPv_b6OqH7Nw7wo3gKDWI'\n\t\tid='fluentform-recaptcha-8-1'\n\t\tclass='ff-el-recaptcha g-recaptcha'\n\t\tdata-callback='fluentFormrecaptchaSuccessCallback'><\/div><\/div><\/div><\/div><div class='ff-el-group ff-text-left ff_submit_btn_wrapper'><button type=\"submit\" class=\"ff-btn ff-btn-submit ff-btn-md ff_btn_style\"  aria-label=\"\u00c1raj\u00e1nlatk\u00e9r\u00e9s elk\u00fcld\u00e9se\">\u00c1raj\u00e1nlatk\u00e9r\u00e9s elk\u00fcld\u00e9se<\/button><\/div><\/fieldset><\/form><div id='fluentform_8_errors' class='ff-errors-in-stack ff_form_instance_8_1 ff-form-loading_errors ff_form_instance_8_1_errors'><\/div><\/div>            <script type=\"text\/javascript\">\n                window.fluent_form_ff_form_instance_8_1 = {\"id\":\"8\",\"settings\":{\"layout\":{\"labelPlacement\":\"top\",\"helpMessagePlacement\":\"with_label\",\"errorMessagePlacement\":\"inline\",\"cssClassName\":\"\",\"asteriskPlacement\":\"asterisk-right\"},\"restrictions\":{\"denyEmptySubmission\":{\"enabled\":false}}},\"form_instance\":\"ff_form_instance_8_1\",\"form_id_selector\":\"fluentform_8\",\"rules\":{\"dropdown\":{\"required\":{\"value\":true,\"message\":\"Ez egy k\\u00f6telez\\u0151 mez\\u0151\",\"global_message\":\"Ez egy k\\u00f6telez\\u0151 mez\\u0151\",\"global\":true}},\"names[first_name]\":{\"required\":{\"value\":true,\"message\":\"This field is required\",\"global\":false,\"global_message\":\"Ez egy k\\u00f6telez\\u0151 mez\\u0151\"}},\"names[middle_name]\":{\"required\":{\"value\":false,\"message\":\"This field is required\",\"global\":false,\"global_message\":\"Ez egy k\\u00f6telez\\u0151 mez\\u0151\"}},\"names[last_name]\":{\"required\":{\"value\":true,\"message\":\"This field is required\",\"global\":false,\"global_message\":\"Ez egy k\\u00f6telez\\u0151 mez\\u0151\"}},\"email\":{\"required\":{\"value\":true,\"message\":\"K\\u00f6telez\\u0151 megadni.\",\"global\":false,\"global_message\":\"Ez egy k\\u00f6telez\\u0151 mez\\u0151\"},\"email\":{\"value\":false,\"message\":\"This field must contain a valid email\",\"global\":false,\"global_message\":\"A mez\\u0151nek \\u00e9rv\\u00e9nyes emailc\\u00edmet kell tartalmaznia\"}},\"input_text\":{\"required\":{\"value\":true,\"message\":\"Ez egy k\\u00f6telez\\u0151en kit\\u00f6ltend\\u0151 mez\\u0151!\",\"global\":false,\"global_message\":\"Ez egy k\\u00f6telez\\u0151 mez\\u0151\"}},\"message\":{\"required\":{\"value\":true,\"message\":\"K\\u00e9rj\\u00fck \\u00edrja le miben lehet\\u00fcnk a seg\\u00edts\\u00e9g\\u00e9re\",\"global\":false,\"global_message\":\"Ez egy k\\u00f6telez\\u0151 mez\\u0151\"}},\"g-recaptcha-response\":[]},\"debounce_time\":300};\n                            <\/script>\n                        <\/div>\n\n            \t\t\t\t<\/div>\n\t\t\t\t<\/div>\n\t\t\t\t\t<\/div>\n\t\t<\/div>\n\t\t\t\t\t<\/div>\n\t\t<\/section>\n\t\t\t\t<\/div>\n\t\t","protected":false},"excerpt":{"rendered":"<p>K\u00e9rjen t\u0151l\u00fcnk \u00e1raj\u00e1nlatot! \u00c1raj\u00e1nlat ig\u00e9nyl\u0151 \u00c1raj\u00e1nlatk\u00e9r\u00e9s &#8211; Oldal Szolg\u00e1ltat\u00e1sV\u00e1lasszon melyik szolg\u00e1ltat\u00e1sunkra k\u00e9r \u00e1raj\u00e1nlatotFuvaroz\u00e1s \u00e9s sz\u00e1ll\u00edtm\u00e1nyoz\u00e1sLogisztikaVezet\u00e9kn\u00e9vKeresztn\u00e9vEmailTelefonsz\u00e1mFoglalja \u00f6ssze miben lehet\u00fcnk a seg\u00edts\u00e9g\u00e9re\u00c1raj\u00e1nlatk\u00e9r\u00e9s elk\u00fcld\u00e9se<\/p>\n","protected":false},"author":1,"featured_media":0,"parent":0,"menu_order":0,"comment_status":"closed","ping_status":"closed","template":"elementor_header_footer","meta":{"footnotes":""},"class_list":["post-607","page","type-page","status-publish","hentry"],"yoast_head":"<!-- This site is optimized with the Yoast SEO plugin v26.8 - https:\/\/yoast.com\/product\/yoast-seo-wordpress\/ -->\n<title>\u00c1raj\u00e1nlat - Gond\u00e1r<\/title>\n<meta name=\"robots\" content=\"index, follow, max-snippet:-1, max-image-preview:large, max-video-preview:-1\" \/>\n<link rel=\"canonical\" href=\"http:\/\/gondartransport.hu\/hu\/arajanlat\/\" \/>\n<meta property=\"og:locale\" content=\"hu_HU\" \/>\n<meta property=\"og:type\" content=\"article\" \/>\n<meta property=\"og:title\" content=\"\u00c1raj\u00e1nlat - Gond\u00e1r\" \/>\n<meta property=\"og:description\" content=\"K\u00e9rjen t\u0151l\u00fcnk \u00e1raj\u00e1nlatot! \u00c1raj\u00e1nlat ig\u00e9nyl\u0151 \u00c1raj\u00e1nlatk\u00e9r\u00e9s &#8211; Oldal Szolg\u00e1ltat\u00e1sV\u00e1lasszon melyik szolg\u00e1ltat\u00e1sunkra k\u00e9r \u00e1raj\u00e1nlatotFuvaroz\u00e1s \u00e9s sz\u00e1ll\u00edtm\u00e1nyoz\u00e1sLogisztikaVezet\u00e9kn\u00e9vKeresztn\u00e9vEmailTelefonsz\u00e1mFoglalja \u00f6ssze miben lehet\u00fcnk a seg\u00edts\u00e9g\u00e9re\u00c1raj\u00e1nlatk\u00e9r\u00e9s elk\u00fcld\u00e9se\" \/>\n<meta property=\"og:url\" content=\"http:\/\/gondartransport.hu\/hu\/arajanlat\/\" \/>\n<meta property=\"og:site_name\" content=\"Gond\u00e1r\" \/>\n<meta property=\"article:modified_time\" content=\"2025-09-26T14:17:28+00:00\" \/>\n<meta name=\"twitter:card\" content=\"summary_large_image\" \/>\n<meta name=\"twitter:label1\" content=\"Becs\u00fclt olvas\u00e1si id\u0151\" \/>\n\t<meta name=\"twitter:data1\" content=\"1 perc\" \/>\n<script type=\"application\/ld+json\" class=\"yoast-schema-graph\">{\"@context\":\"https:\/\/schema.org\",\"@graph\":[{\"@type\":\"WebPage\",\"@id\":\"http:\/\/gondartransport.hu\/hu\/arajanlat\/\",\"url\":\"http:\/\/gondartransport.hu\/hu\/arajanlat\/\",\"name\":\"\u00c1raj\u00e1nlat - Gond\u00e1r\",\"isPartOf\":{\"@id\":\"http:\/\/gondartransport.hu\/hu\/#website\"},\"datePublished\":\"2025-09-26T14:10:15+00:00\",\"dateModified\":\"2025-09-26T14:17:28+00:00\",\"breadcrumb\":{\"@id\":\"http:\/\/gondartransport.hu\/hu\/arajanlat\/#breadcrumb\"},\"inLanguage\":\"hu\",\"potentialAction\":[{\"@type\":\"ReadAction\",\"target\":[\"http:\/\/gondartransport.hu\/hu\/arajanlat\/\"]}]},{\"@type\":\"BreadcrumbList\",\"@id\":\"http:\/\/gondartransport.hu\/hu\/arajanlat\/#breadcrumb\",\"itemListElement\":[{\"@type\":\"ListItem\",\"position\":1,\"name\":\"Home\",\"item\":\"http:\/\/gondartransport.hu\/hu\/\"},{\"@type\":\"ListItem\",\"position\":2,\"name\":\"\u00c1raj\u00e1nlat\"}]},{\"@type\":\"WebSite\",\"@id\":\"http:\/\/gondartransport.hu\/hu\/#website\",\"url\":\"http:\/\/gondartransport.hu\/hu\/\",\"name\":\"Gond\u00e1r\",\"description\":\"Sz\u00e1ll\u00edt\u00e1si \u00e9s logisztikai szolg\u00e1ltat\u00e1sok\",\"publisher\":{\"@id\":\"http:\/\/gondartransport.hu\/hu\/#organization\"},\"potentialAction\":[{\"@type\":\"SearchAction\",\"target\":{\"@type\":\"EntryPoint\",\"urlTemplate\":\"http:\/\/gondartransport.hu\/hu\/?s={search_term_string}\"},\"query-input\":{\"@type\":\"PropertyValueSpecification\",\"valueRequired\":true,\"valueName\":\"search_term_string\"}}],\"inLanguage\":\"hu\"},{\"@type\":\"Organization\",\"@id\":\"http:\/\/gondartransport.hu\/hu\/#organization\",\"name\":\"Gond\u00e1r\",\"url\":\"http:\/\/gondartransport.hu\/hu\/\",\"logo\":{\"@type\":\"ImageObject\",\"inLanguage\":\"hu\",\"@id\":\"http:\/\/gondartransport.hu\/hu\/#\/schema\/logo\/image\/\",\"url\":\"https:\/\/gondartransport.hu\/hu\/wp-content\/uploads\/2023\/04\/gondar_logo_white_.png\",\"contentUrl\":\"https:\/\/gondartransport.hu\/hu\/wp-content\/uploads\/2023\/04\/gondar_logo_white_.png\",\"width\":153,\"height\":37,\"caption\":\"Gond\u00e1r\"},\"image\":{\"@id\":\"http:\/\/gondartransport.hu\/hu\/#\/schema\/logo\/image\/\"}}]}<\/script>\n<!-- \/ Yoast SEO plugin. -->","yoast_head_json":{"title":"\u00c1raj\u00e1nlat - Gond\u00e1r","robots":{"index":"index","follow":"follow","max-snippet":"max-snippet:-1","max-image-preview":"max-image-preview:large","max-video-preview":"max-video-preview:-1"},"canonical":"http:\/\/gondartransport.hu\/hu\/arajanlat\/","og_locale":"hu_HU","og_type":"article","og_title":"\u00c1raj\u00e1nlat - Gond\u00e1r","og_description":"K\u00e9rjen t\u0151l\u00fcnk \u00e1raj\u00e1nlatot! \u00c1raj\u00e1nlat ig\u00e9nyl\u0151 \u00c1raj\u00e1nlatk\u00e9r\u00e9s &#8211; Oldal Szolg\u00e1ltat\u00e1sV\u00e1lasszon melyik szolg\u00e1ltat\u00e1sunkra k\u00e9r \u00e1raj\u00e1nlatotFuvaroz\u00e1s \u00e9s sz\u00e1ll\u00edtm\u00e1nyoz\u00e1sLogisztikaVezet\u00e9kn\u00e9vKeresztn\u00e9vEmailTelefonsz\u00e1mFoglalja \u00f6ssze miben lehet\u00fcnk a seg\u00edts\u00e9g\u00e9re\u00c1raj\u00e1nlatk\u00e9r\u00e9s elk\u00fcld\u00e9se","og_url":"http:\/\/gondartransport.hu\/hu\/arajanlat\/","og_site_name":"Gond\u00e1r","article_modified_time":"2025-09-26T14:17:28+00:00","twitter_card":"summary_large_image","twitter_misc":{"Becs\u00fclt olvas\u00e1si id\u0151":"1 perc"},"schema":{"@context":"https:\/\/schema.org","@graph":[{"@type":"WebPage","@id":"http:\/\/gondartransport.hu\/hu\/arajanlat\/","url":"http:\/\/gondartransport.hu\/hu\/arajanlat\/","name":"\u00c1raj\u00e1nlat - Gond\u00e1r","isPartOf":{"@id":"http:\/\/gondartransport.hu\/hu\/#website"},"datePublished":"2025-09-26T14:10:15+00:00","dateModified":"2025-09-26T14:17:28+00:00","breadcrumb":{"@id":"http:\/\/gondartransport.hu\/hu\/arajanlat\/#breadcrumb"},"inLanguage":"hu","potentialAction":[{"@type":"ReadAction","target":["http:\/\/gondartransport.hu\/hu\/arajanlat\/"]}]},{"@type":"BreadcrumbList","@id":"http:\/\/gondartransport.hu\/hu\/arajanlat\/#breadcrumb","itemListElement":[{"@type":"ListItem","position":1,"name":"Home","item":"http:\/\/gondartransport.hu\/hu\/"},{"@type":"ListItem","position":2,"name":"\u00c1raj\u00e1nlat"}]},{"@type":"WebSite","@id":"http:\/\/gondartransport.hu\/hu\/#website","url":"http:\/\/gondartransport.hu\/hu\/","name":"Gond\u00e1r","description":"Sz\u00e1ll\u00edt\u00e1si \u00e9s logisztikai szolg\u00e1ltat\u00e1sok","publisher":{"@id":"http:\/\/gondartransport.hu\/hu\/#organization"},"potentialAction":[{"@type":"SearchAction","target":{"@type":"EntryPoint","urlTemplate":"http:\/\/gondartransport.hu\/hu\/?s={search_term_string}"},"query-input":{"@type":"PropertyValueSpecification","valueRequired":true,"valueName":"search_term_string"}}],"inLanguage":"hu"},{"@type":"Organization","@id":"http:\/\/gondartransport.hu\/hu\/#organization","name":"Gond\u00e1r","url":"http:\/\/gondartransport.hu\/hu\/","logo":{"@type":"ImageObject","inLanguage":"hu","@id":"http:\/\/gondartransport.hu\/hu\/#\/schema\/logo\/image\/","url":"https:\/\/gondartransport.hu\/hu\/wp-content\/uploads\/2023\/04\/gondar_logo_white_.png","contentUrl":"https:\/\/gondartransport.hu\/hu\/wp-content\/uploads\/2023\/04\/gondar_logo_white_.png","width":153,"height":37,"caption":"Gond\u00e1r"},"image":{"@id":"http:\/\/gondartransport.hu\/hu\/#\/schema\/logo\/image\/"}}]}},"_links":{"self":[{"href":"https:\/\/gondartransport.hu\/hu\/wp-json\/wp\/v2\/pages\/607","targetHints":{"allow":["GET"]}}],"collection":[{"href":"https:\/\/gondartransport.hu\/hu\/wp-json\/wp\/v2\/pages"}],"about":[{"href":"https:\/\/gondartransport.hu\/hu\/wp-json\/wp\/v2\/types\/page"}],"author":[{"embeddable":true,"href":"https:\/\/gondartransport.hu\/hu\/wp-json\/wp\/v2\/users\/1"}],"replies":[{"embeddable":true,"href":"https:\/\/gondartransport.hu\/hu\/wp-json\/wp\/v2\/comments?post=607"}],"version-history":[{"count":10,"href":"https:\/\/gondartransport.hu\/hu\/wp-json\/wp\/v2\/pages\/607\/revisions"}],"predecessor-version":[{"id":619,"href":"https:\/\/gondartransport.hu\/hu\/wp-json\/wp\/v2\/pages\/607\/revisions\/619"}],"wp:attachment":[{"href":"https:\/\/gondartransport.hu\/hu\/wp-json\/wp\/v2\/media?parent=607"}],"curies":[{"name":"wp","href":"https:\/\/api.w.org\/{rel}","templated":true}]}}